{"id":414,"date":"2025-12-23T12:29:38","date_gmt":"2025-12-23T10:29:38","guid":{"rendered":"https:\/\/www.auditionconfort.be\/mentions-legales\/"},"modified":"2025-12-23T17:25:19","modified_gmt":"2025-12-23T15:25:19","slug":"verplichte-wettelijke-vermeldingen","status":"publish","type":"page","link":"https:\/\/www.auditionconfort.be\/nl\/verplichte-wettelijke-vermeldingen\/","title":{"rendered":"Verplichte Wettelijke vermeldingen"},"content":{"rendered":"\t\t<div data-elementor-type=\"wp-page\" data-elementor-id=\"414\" class=\"elementor elementor-414 elementor-355\" data-elementor-post-type=\"page\">\n\t\t\t\t<div class=\"elementor-element elementor-element-b2ad121 e-con-full e-flex e-con e-parent\" data-id=\"b2ad121\" data-element_type=\"container\" data-e-type=\"container\">\n\t\t<div class=\"elementor-element elementor-element-6ff7ead e-flex e-con-boxed e-con e-child\" data-id=\"6ff7ead\" data-element_type=\"container\" data-e-type=\"container\">\n\t\t\t\t\t<div class=\"e-con-inner\">\n\t\t\t\t<div class=\"elementor-element elementor-element-838f40b elementor-widget elementor-widget-image\" data-id=\"838f40b\" data-element_type=\"widget\" data-e-type=\"widget\" data-widget_type=\"image.default\">\n\t\t\t\t\t\t\t\t\t\t\t\t\t\t\t\t<a href=\"https:\/\/www.auditionconfort.be\/nl\/\">\n\t\t\t\t\t\t\t<img fetchpriority=\"high\" decoding=\"async\" width=\"450\" height=\"119\" src=\"https:\/\/www.auditionconfort.be\/wp-content\/uploads\/2025\/12\/Audition-confort_seul.png\" class=\"attachment-full size-full wp-image-58\" alt=\"\" srcset=\"https:\/\/www.auditionconfort.be\/wp-content\/uploads\/2025\/12\/Audition-confort_seul.png 450w, https:\/\/www.auditionconfort.be\/wp-content\/uploads\/2025\/12\/Audition-confort_seul-300x79.png 300w\" sizes=\"(max-width: 450px) 100vw, 450px\" \/>\t\t\t\t\t\t\t\t<\/a>\n\t\t\t\t\t\t\t\t\t\t\t\t\t\t\t<\/div>\n\t\t<div class=\"elementor-element elementor-element-0ac68dc e-con-full e-flex e-con e-child\" data-id=\"0ac68dc\" data-element_type=\"container\" data-e-type=\"container\">\n\t\t\t\t<div class=\"elementor-element elementor-element-d1be6ab elementor-widget elementor-widget-button\" data-id=\"d1be6ab\" data-element_type=\"widget\" data-e-type=\"widget\" data-widget_type=\"button.default\">\n\t\t\t\t\t\t\t\t\t\t<a class=\"elementor-button elementor-button-link elementor-size-sm\" href=\"\/nl\/#contact\">\n\t\t\t\t\t\t<span class=\"elementor-button-content-wrapper\">\n\t\t\t\t\t\t\t\t\t<span class=\"elementor-button-text\">Contact<\/span>\n\t\t\t\t\t<\/span>\n\t\t\t\t\t<\/a>\n\t\t\t\t\t\t\t\t<\/div>\n\t\t\t\t<div class=\"elementor-element elementor-element-f54f885 elementor-widget elementor-widget-shortcode\" data-id=\"f54f885\" data-element_type=\"widget\" data-e-type=\"widget\" data-widget_type=\"shortcode.default\">\n\t\t\t\t\t\t\t<div class=\"elementor-shortcode\"><a class=\"my-lang-pill\" href=\"https:\/\/www.auditionconfort.be\/wp-json\/wp\/v2\/pages\/414\/\" rel=\"alternate\" hreflang=\"fr\">Fran\u00e7ais<\/a><\/div>\n\t\t\t\t\t\t<\/div>\n\t\t\t\t<\/div>\n\t\t\t\t\t<\/div>\n\t\t\t\t<\/div>\n\t\t\t\t<\/div>\n\t\t<div class=\"elementor-element elementor-element-cdf0ccd e-con-full e-flex e-con e-parent\" data-id=\"cdf0ccd\" data-element_type=\"container\" data-e-type=\"container\" data-settings=\"{&quot;background_background&quot;:&quot;classic&quot;}\">\n\t\t<div class=\"elementor-element elementor-element-df8d4fc e-con-full e-flex e-con e-child\" data-id=\"df8d4fc\" data-element_type=\"container\" data-e-type=\"container\">\n\t\t<div class=\"elementor-element elementor-element-7533cd9 e-flex e-con-boxed e-con e-child\" data-id=\"7533cd9\" data-element_type=\"container\" data-e-type=\"container\">\n\t\t\t\t\t<div class=\"e-con-inner\">\n\t\t\t\t<div class=\"elementor-element elementor-element-20205f6 elementor-widget elementor-widget-heading\" data-id=\"20205f6\" data-element_type=\"widget\" data-e-type=\"widget\" data-widget_type=\"heading.default\">\n\t\t\t\t\t<h1 class=\"elementor-heading-title elementor-size-default\">Verplichte Wettelijke vermeldingen<\/h1>\t\t\t\t<\/div>\n\t\t\t\t<div class=\"elementor-element elementor-element-525a4cc elementor-widget-divider--view-line elementor-widget elementor-widget-divider\" data-id=\"525a4cc\" data-element_type=\"widget\" data-e-type=\"widget\" data-widget_type=\"divider.default\">\n\t\t\t\t\t\t\t<div class=\"elementor-divider\">\n\t\t\t<span class=\"elementor-divider-separator\">\n\t\t\t\t\t\t<\/span>\n\t\t<\/div>\n\t\t\t\t\t\t<\/div>\n\t\t\t\t<div class=\"elementor-element elementor-element-568369b elementor-widget elementor-widget-text-editor\" data-id=\"568369b\" data-element_type=\"widget\" data-e-type=\"widget\" data-widget_type=\"text-editor.default\">\n\t\t\t\t\t\t\t\t\t<p>Op basis van o.a. artikel 78 van het Wetboek van Vennootschappen, de wet op de bescherming van de persoonlijke levenssfeer en de bepalingen van het nieuwe Wetboek van Economisch Recht (WER)<\/p><p><strong>Identificatie<br \/><\/strong><strong class=\"black\">Audition Confort SRL<br \/><\/strong>Avenue Winston Churchill 194 b34 1180 Ukkel Belgi\u00eb<br \/>Ondernemingsnummer (KBO): 0890.039.039<br \/>RPR Brussel (Franstalig)<br \/><a href=\"mailto:info@auditionconfort.be\">info@auditionconfort.be<\/a><br \/><a href=\"tel:+3223475727\">+32 2 347 57 27<\/a><br \/>Iban : BE17 3630 1616 8021 | Bic : BBRUBEBB<\/p><p><strong>Bescherming van de persoonlijke levenssfeer<br \/><\/strong> \u2022 Audition Confort behandelt de haar meegedeelde persoonsgegevens met de grootste zorg.<br \/>\u2022 Deze gegevens worden strikt vertrouwelijk verwerkt en uitsluitend gebruikt voor de doeleinden waarvoor ze werden verstrekt.<br \/>\u2022 De gegevens kunnen worden opgeslagen in \u00e9\u00e9n of meerdere databanken van Audition Confort en worden niet aan derden meegedeeld zonder de toestemming van de betrokken persoon.<br \/>\u2022 De betrokkene heeft steeds het recht om zijn of haar gegevens in te zien en te laten verbeteren.<\/p><p><strong>Disclaimer<br \/><\/strong>De informatie op deze website wordt uitsluitend ter informatie verstrekt. Hoewel Audition Confort ernaar streeft om correcte en actuele informatie aan te bieden, kan zij geen garantie geven omtrent de volledigheid, juistheid of actualiteit van de inhoud.<\/p><p>Audition Confort aanvaardt geen enkele aansprakelijkheid voor directe of indirecte schade van welke aard ook, die voortvloeit uit de toegang tot of het gebruik van deze website, of uit de onmogelijkheid om deze te raadplegen, inclusief maar niet beperkt tot verlies van gegevens, omzetderving of bedrijfsonderbreking.<\/p><p>De inhoud van deze website vormt in geen geval een gepersonaliseerd medisch, juridisch of professioneel advies en kan nooit een consultatie bij een bevoegde professional vervangen. Beslissingen inzake gezondheid moeten steeds worden genomen na een individuele raadpleging.<\/p><p>Deze website kan links bevatten naar externe websites waarover Audition Confort geen controle uitoefent. Zij kan dan ook niet aansprakelijk worden gesteld voor de inhoud of het beleid van deze websites.<\/p><p>Audition Confort behoudt zich het recht voor om de inhoud van deze website op elk moment en zonder voorafgaande kennisgeving te wijzigen, aan te vullen of te verwijderen.<\/p><p><strong>Gereglementeerde beroepen<br \/><\/strong>De audiologische activiteiten van Audition Confort zijn onderworpen aan een wettelijke erkenningsplicht. Bevoegde toezichthoudende autoriteit:<\/p><p><strong class=\"black\">Rijksinstituut voor Ziekte- en Invaliditeitsverzekering (RIZIV),<\/strong><br \/>Avenue de Tervueren 211,<br \/>1150 Brussel, Belgi\u00eb<br \/>Tel. : <a href=\"tel:+3227397111\">+32 (0)2 739 71 11<\/a><br \/>Website : <a href=\"http:\/\/www.riziv.fgov.be\">www.riziv.fgov.be<\/a><\/p><p><strong>Beroepsaansprakelijkheidsverzekering<br \/><\/strong>In het kader van haar professionele activiteiten is de burgerlijke beroepsaansprakelijkheid van Audition Confort gedekt door een verzekering afgesloten bij AMMA Assurances.<\/p><p>Verzekeraar : AMMA Assurances Chauss\u00e9e de Li\u00e8ge 624 5100 Namen (Belgi\u00eb)<\/p><p>Deze verzekering dekt de activiteiten van Audition Confort conform de geldende regelgeving.<\/p><p><strong class=\"black\">Geografische dekking :<\/strong> Belgi\u00eb.<\/p>\t\t\t\t\t\t\t\t<\/div>\n\t\t\t\t\t<\/div>\n\t\t\t\t<\/div>\n\t\t\t\t<\/div>\n\t\t\t\t<\/div>\n\t\t<div class=\"elementor-element elementor-element-1422981 e-con-full e-flex e-con e-parent\" data-id=\"1422981\" data-element_type=\"container\" data-e-type=\"container\" data-settings=\"{&quot;background_background&quot;:&quot;classic&quot;}\">\n\t\t<div class=\"elementor-element elementor-element-659c43c e-flex e-con-boxed e-con e-child\" data-id=\"659c43c\" data-element_type=\"container\" data-e-type=\"container\">\n\t\t\t\t\t<div class=\"e-con-inner\">\n\t\t<div class=\"elementor-element elementor-element-70ec1a0 e-con-full e-flex e-con e-child\" data-id=\"70ec1a0\" data-element_type=\"container\" data-e-type=\"container\">\n\t\t\t\t<div class=\"elementor-element elementor-element-715af8c elementor-widget elementor-widget-image\" data-id=\"715af8c\" data-element_type=\"widget\" data-e-type=\"widget\" data-widget_type=\"image.default\">\n\t\t\t\t\t\t\t\t\t\t\t\t\t\t\t\t<a href=\"https:\/\/www.auditionconfort.be\/nl\/\">\n\t\t\t\t\t\t\t<img decoding=\"async\" width=\"450\" height=\"119\" src=\"https:\/\/www.auditionconfort.be\/wp-content\/uploads\/2025\/12\/Audition-confort_blanc-seul.png\" class=\"attachment-full size-full wp-image-140\" alt=\"\" srcset=\"https:\/\/www.auditionconfort.be\/wp-content\/uploads\/2025\/12\/Audition-confort_blanc-seul.png 450w, https:\/\/www.auditionconfort.be\/wp-content\/uploads\/2025\/12\/Audition-confort_blanc-seul-300x79.png 300w\" sizes=\"(max-width: 450px) 100vw, 450px\" \/>\t\t\t\t\t\t\t\t<\/a>\n\t\t\t\t\t\t\t\t\t\t\t\t\t\t\t<\/div>\n\t\t\t\t<div class=\"elementor-element elementor-element-68ba6cd elementor-widget elementor-widget-text-editor\" data-id=\"68ba6cd\" data-element_type=\"widget\" data-e-type=\"widget\" data-widget_type=\"text-editor.default\">\n\t\t\t\t\t\t\t\t\t<p>Winston Churchillaan 194\/34<\/p><p>1180 Ukkel<\/p>\t\t\t\t\t\t\t\t<\/div>\n\t\t\t\t<\/div>\n\t\t<div class=\"elementor-element elementor-element-161c4c1 e-con-full e-flex e-con e-child\" data-id=\"161c4c1\" data-element_type=\"container\" data-e-type=\"container\">\n\t\t\t\t<div class=\"elementor-element elementor-element-07ec6af elementor-widget-tablet__width-inherit elementor-widget elementor-widget-shortcode\" data-id=\"07ec6af\" data-element_type=\"widget\" data-e-type=\"widget\" data-widget_type=\"shortcode.default\">\n\t\t\t\t\t\t\t<div class=\"elementor-shortcode\"><a class=\"footer-lang-pill\" href=\"https:\/\/www.auditionconfort.be\/wp-json\/wp\/v2\/pages\/414\/\" rel=\"alternate\" hreflang=\"fr\">Version fran\u00e7aise<\/a><\/div>\n\t\t\t\t\t\t<\/div>\n\t\t<div class=\"elementor-element elementor-element-e7a647e e-con-full e-flex e-con e-child\" data-id=\"e7a647e\" data-element_type=\"container\" data-e-type=\"container\">\n\t\t\t\t<div class=\"elementor-element elementor-element-08f289d elementor-widget elementor-widget-heading\" data-id=\"08f289d\" data-element_type=\"widget\" data-e-type=\"widget\" data-widget_type=\"heading.default\">\n\t\t\t\t\t<span class=\"elementor-heading-title elementor-size-default\"><a href=\"https:\/\/www.auditionconfort.be\/nl\/verplichte-wettelijke-vermeldingen\/\">Wettelijke vermeldingen<\/a><\/span>\t\t\t\t<\/div>\n\t\t\t\t<div class=\"elementor-element elementor-element-9aeef0e elementor-widget elementor-widget-heading\" data-id=\"9aeef0e\" data-element_type=\"widget\" data-e-type=\"widget\" data-widget_type=\"heading.default\">\n\t\t\t\t\t<span class=\"elementor-heading-title elementor-size-default\"><a href=\"https:\/\/www.auditionconfort.be\/nl\/cookies-policy\/\">Cookies Policy<\/a><\/span>\t\t\t\t<\/div>\n\t\t\t\t<div class=\"elementor-element elementor-element-178a770 elementor-widget elementor-widget-heading\" data-id=\"178a770\" data-element_type=\"widget\" data-e-type=\"widget\" data-widget_type=\"heading.default\">\n\t\t\t\t\t<span class=\"elementor-heading-title elementor-size-default\"><a href=\"https:\/\/www.auditionconfort.be\/nl\/beleid-inzake-bescherming-van-persoonsgegevens\/\">Bescherming van de persoonsgegevens<\/a><\/span>\t\t\t\t<\/div>\n\t\t\t\t<\/div>\n\t\t\t\t<\/div>\n\t\t\t\t\t<\/div>\n\t\t\t\t<\/div>\n\t\t<div class=\"elementor-element elementor-element-9edf942 e-flex e-con-boxed e-con e-child\" data-id=\"9edf942\" data-element_type=\"container\" data-e-type=\"container\">\n\t\t\t\t\t<div class=\"e-con-inner\">\n\t\t<div class=\"elementor-element elementor-element-08ecaf0 e-con-full e-flex e-con e-child\" data-id=\"08ecaf0\" data-element_type=\"container\" data-e-type=\"container\">\n\t\t\t\t<div class=\"elementor-element elementor-element-604637e elementor-widget elementor-widget-text-editor\" data-id=\"604637e\" data-element_type=\"widget\" data-e-type=\"widget\" data-widget_type=\"text-editor.default\">\n\t\t\t\t\t\t\t\t\t<p>\u00a9 Audition Confort 2025. All right reserved. Design en ontwikkeling : <a href=\"https:\/\/peaberry-up.com\/\">Peaberry-up<\/a> &amp; <a href=\"https:\/\/lalisbrainiacs.com\/\">Lalis Brainiacs<\/a><\/p>\t\t\t\t\t\t\t\t<\/div>\n\t\t\t\t<\/div>\n\t\t\t\t\t<\/div>\n\t\t\t\t<\/div>\n\t\t\t\t<\/div>\n\t\t\t\t<\/div>\n\t\t","protected":false},"excerpt":{"rendered":"<p>Contact Verplichte Wettelijke vermeldingen Op basis van o.a. artikel 78 van het Wetboek van Vennootschappen, de wet op de bescherming van de persoonlijke levenssfeer en de bepalingen van het nieuwe Wetboek van Economisch Recht (WER) IdentificatieAudition Confort SRLAvenue Winston Churchill 194 b34 1180 Ukkel Belgi\u00ebOndernemingsnummer (KBO): 0890.039.039RPR Brussel (Franstalig)info@auditionconfort.be+32 2 347 57 27Iban : BE17 [&hellip;]<\/p>\n","protected":false},"author":1,"featured_media":0,"parent":0,"menu_order":0,"comment_status":"closed","ping_status":"closed","template":"elementor_header_footer","meta":{"footnotes":""},"class_list":["post-414","page","type-page","status-publish","hentry"],"_links":{"self":[{"href":"https:\/\/www.auditionconfort.be\/nl\/wp-json\/wp\/v2\/pages\/414","targetHints":{"allow":["GET"]}}],"collection":[{"href":"https:\/\/www.auditionconfort.be\/nl\/wp-json\/wp\/v2\/pages"}],"about":[{"href":"https:\/\/www.auditionconfort.be\/nl\/wp-json\/wp\/v2\/types\/page"}],"author":[{"embeddable":true,"href":"https:\/\/www.auditionconfort.be\/nl\/wp-json\/wp\/v2\/users\/1"}],"replies":[{"embeddable":true,"href":"https:\/\/www.auditionconfort.be\/nl\/wp-json\/wp\/v2\/comments?post=414"}],"version-history":[{"count":26,"href":"https:\/\/www.auditionconfort.be\/nl\/wp-json\/wp\/v2\/pages\/414\/revisions"}],"predecessor-version":[{"id":601,"href":"https:\/\/www.auditionconfort.be\/nl\/wp-json\/wp\/v2\/pages\/414\/revisions\/601"}],"wp:attachment":[{"href":"https:\/\/www.auditionconfort.be\/nl\/wp-json\/wp\/v2\/media?parent=414"}],"curies":[{"name":"wp","href":"https:\/\/api.w.org\/{rel}","templated":true}]}}